{"id":14,"date":"2023-08-13T17:37:15","date_gmt":"2023-08-13T15:37:15","guid":{"rendered":"http:\/\/corneilleaveugle.be\/?page_id=14"},"modified":"2023-08-13T22:37:55","modified_gmt":"2023-08-13T20:37:55","slug":"accueil","status":"publish","type":"page","link":"https:\/\/corneilleaveugle.be\/","title":{"rendered":"Bienvenue"},"content":{"rendered":"\n<p>La Corneille Aveugle est un vignoble <strong>audacieux<\/strong>, <strong>belge<\/strong> et <strong>familial<\/strong>. <\/p>\n\n\n\n<p><strong>Rondeur<\/strong>, <strong>puissance<\/strong>, <strong>singularit\u00e9<\/strong>, des caract\u00e9ristiques plus connues des Cotes du Rh\u00f4ne que  dans les r\u00e9gions au nord du Qui\u00e9vrain. Pourtant, c&rsquo;est le pari relev\u00e9 par la Corneille aveugle, \u00e0 <strong>Seilles<\/strong>, dans la <strong>vall\u00e9e de la Meuse<\/strong>, en <strong>Belgique<\/strong>.<\/p>\n\n\n\n<p>Avec des <strong>c\u00e9pages<\/strong> bien choisis, une <strong>vinification aboutie<\/strong>, une <strong>culture raisonn\u00e9e<\/strong> et un petit coup de pouce de dame nature, nous proposons une gamme de vins <strong>riches<\/strong> et <strong>intenses<\/strong>.<\/p>\n","protected":false},"excerpt":{"rendered":"<p>La Corneille Aveugle est un vignoble audacieux, belge et familial. Rondeur, puissance, singularit\u00e9, des caract\u00e9ristiques plus connues des Cotes du Rh\u00f4ne que dans les r\u00e9gions au nord du Qui\u00e9vrain. Pourtant, c&rsquo;est le pari relev\u00e9 par la Corneille aveugle, \u00e0 Seilles, dans la vall\u00e9e de la Meuse, en Belgique. Avec des c\u00e9pages bien choisis, une vinification &hellip; <\/p>\n<p class=\"link-more\"><a href=\"https:\/\/corneilleaveugle.be\/\" class=\"more-link\">Continuer la lecture<span class=\"screen-reader-text\"> de &laquo;&nbsp;Bienvenue&nbsp;&raquo;<\/span><\/a><\/p>\n","protected":false},"author":1,"featured_media":0,"parent":0,"menu_order":0,"comment_status":"closed","ping_status":"closed","template":"","meta":{"footnotes":""},"class_list":["post-14","page","type-page","status-publish","hentry"],"_links":{"self":[{"href":"https:\/\/corneilleaveugle.be\/index.php?rest_route=\/wp\/v2\/pages\/14","targetHints":{"allow":["GET"]}}],"collection":[{"href":"https:\/\/corneilleaveugle.be\/index.php?rest_route=\/wp\/v2\/pages"}],"about":[{"href":"https:\/\/corneilleaveugle.be\/index.php?rest_route=\/wp\/v2\/types\/page"}],"author":[{"embeddable":true,"href":"https:\/\/corneilleaveugle.be\/index.php?rest_route=\/wp\/v2\/users\/1"}],"replies":[{"embeddable":true,"href":"https:\/\/corneilleaveugle.be\/index.php?rest_route=%2Fwp%2Fv2%2Fcomments&post=14"}],"version-history":[{"count":8,"href":"https:\/\/corneilleaveugle.be\/index.php?rest_route=\/wp\/v2\/pages\/14\/revisions"}],"predecessor-version":[{"id":96,"href":"https:\/\/corneilleaveugle.be\/index.php?rest_route=\/wp\/v2\/pages\/14\/revisions\/96"}],"wp:attachment":[{"href":"https:\/\/corneilleaveugle.be\/index.php?rest_route=%2Fwp%2Fv2%2Fmedia&parent=14"}],"curies":[{"name":"wp","href":"https:\/\/api.w.org\/{rel}","templated":true}]}}