{"id":15,"date":"2023-08-13T17:37:15","date_gmt":"2023-08-13T15:37:15","guid":{"rendered":"http:\/\/corneilleaveugle.be\/?page_id=15"},"modified":"2023-08-13T23:37:01","modified_gmt":"2023-08-13T21:37:01","slug":"a-propos-de","status":"publish","type":"page","link":"https:\/\/corneilleaveugle.be\/?page_id=15","title":{"rendered":"Qui sommes nous ?"},"content":{"rendered":"\n<p>En <strong>2010<\/strong>, <strong>Michel Dechamps<\/strong>, neurop\u00e9diatre \u00e0 Namur, envisage de faire autre chose que d\u2019\u00e9lever des moutons \u00e0 l\u2019arri\u00e8re de sa propri\u00e9t\u00e9 de la place Wauters, \u00e0 <strong>Seilles<\/strong>, dans la ville d\u2019<strong>Andenne<\/strong>.  Outre sa carri\u00e8re de m\u00e9decin, il occupe la fonction de Pr\u00e9sident du Centre Public d&rsquo;Action Sociale \u00e0 Andenne, mais ces d\u2019activit\u00e9s parall\u00e8les ne vont pas durer \u00e9ternellement. Apr\u00e8s avoir consacr\u00e9 sa carri\u00e8re aux enfants handicap\u00e9s, battus, et aux personnes dans le besoin, hyperactif notoire, \u00e0 55 ans, il sent tout doucement la retraite arriver.<\/p>\n\n\n\n<p>Dans la famille, on aime le vin ! <\/p>\n\n\n\n<p><strong>En 2011, les vignes ont commenc\u00e9 \u00e0 remplacer les moutons.<\/strong><\/p>\n\n\n\n<figure class=\"wp-block-image size-large\"><img loading=\"lazy\" decoding=\"async\" width=\"1024\" height=\"683\" src=\"http:\/\/corneilleaveugle.be\/wp-content\/uploads\/2023\/08\/5A7A2373-2-1024x683.jpg\" alt=\"\" class=\"wp-image-55\" srcset=\"https:\/\/corneilleaveugle.be\/wp-content\/uploads\/2023\/08\/5A7A2373-2-1024x683.jpg 1024w, https:\/\/corneilleaveugle.be\/wp-content\/uploads\/2023\/08\/5A7A2373-2-300x200.jpg 300w, https:\/\/corneilleaveugle.be\/wp-content\/uploads\/2023\/08\/5A7A2373-2-768x512.jpg 768w, https:\/\/corneilleaveugle.be\/wp-content\/uploads\/2023\/08\/5A7A2373-2-1536x1025.jpg 1536w, https:\/\/corneilleaveugle.be\/wp-content\/uploads\/2023\/08\/5A7A2373-2-2048x1366.jpg 2048w\" sizes=\"auto, (max-width: 767px) 89vw, (max-width: 1000px) 54vw, (max-width: 1071px) 543px, 580px\" \/><\/figure>\n\n\n\n<h2 class=\"wp-block-heading\">Un certain contexte historique<\/h2>\n\n\n\n<p>Ce sont les <strong>Romains<\/strong> qui am\u00e8nent la vigne en Gaule d\u00e8s le premier si\u00e8cle. Celle-ci se r\u00e9pand vers le nord petit \u00e0 petit et arrive sur les rives de la Meuse au VII<sup>e<\/sup> si\u00e8cle pour conna\u00eetre son apog\u00e9e au XIV<sup>e<\/sup> si\u00e8cle. \u00c0 l\u2019\u00e9poque, les vins sont produits principalement pour c\u00e9l\u00e9brer la messe et soigner les malades (les cas de pollution de l\u2019eau sont fr\u00e9quents). Les vins sont donc principalement produits par les <strong>institutions religieuses<\/strong>. Pourtant les Seigneurs, Princes et Rois poss\u00e8dent de vignobles souvent loin de chez eux. Ironie de l\u2019histoire, <strong>les Ducs de Bourgogne et m\u00eame les bons Roys de France poss\u00e8dent des vignes dans l\u2019actuelle Belgique<\/strong>. Attestant de ce pass\u00e9 viticole, notre vignoble en pente douce, d\u2019exposition sud, et d\u2019un sol argilocalcaire, jouxtant la <strong>rue du Vigna<\/strong>.<\/p>\n\n\n\n<figure class=\"wp-block-image size-large\"><img loading=\"lazy\" decoding=\"async\" width=\"1024\" height=\"631\" src=\"http:\/\/corneilleaveugle.be\/wp-content\/uploads\/2023\/08\/Capture-decran-2023-08-13-a-18.35.17-1024x631.jpg\" alt=\"\" class=\"wp-image-57\" srcset=\"https:\/\/corneilleaveugle.be\/wp-content\/uploads\/2023\/08\/Capture-decran-2023-08-13-a-18.35.17-1024x631.jpg 1024w, https:\/\/corneilleaveugle.be\/wp-content\/uploads\/2023\/08\/Capture-decran-2023-08-13-a-18.35.17-300x185.jpg 300w, https:\/\/corneilleaveugle.be\/wp-content\/uploads\/2023\/08\/Capture-decran-2023-08-13-a-18.35.17-768x473.jpg 768w, https:\/\/corneilleaveugle.be\/wp-content\/uploads\/2023\/08\/Capture-decran-2023-08-13-a-18.35.17-1536x947.jpg 1536w, https:\/\/corneilleaveugle.be\/wp-content\/uploads\/2023\/08\/Capture-decran-2023-08-13-a-18.35.17.jpg 1888w\" sizes=\"auto, (max-width: 767px) 89vw, (max-width: 1000px) 54vw, (max-width: 1071px) 543px, 580px\" \/><\/figure>\n\n\n\n<p>Au XVe si\u00e8cle, cependant la \u00ab&nbsp;petite \u00e8re glaciaire&nbsp;\u00bb va <strong>porter un grand coup \u00e0 la production de vin dans notre r\u00e9gion<\/strong>. D\u2019autre part, les techniques de fabrication et conservation de la <strong>bi\u00e8re<\/strong> s\u2019am\u00e9liorent. <strong>Les guerres successives puis finalement, l\u2019industrialisation et l\u2019essor de nouveaux moyens de transport sonneront le glas du vin belge<\/strong>, au profit des vins fran\u00e7ais, italiens ou espagnols, de meilleure r\u00e9putation.<\/p>\n\n\n\n<p><strong>C\u2019est dans les ann\u00e9es 60 que quelques passionn\u00e9s redonneront naissance \u00e0 la viticulture en Belgique<\/strong>.&nbsp; S\u2019ils n\u2019ont pas toujours \u00e9t\u00e9 pris au s\u00e9rieux, leur pers\u00e9v\u00e9rance a pay\u00e9 puisqu\u2019au cours des ann\u00e9es 2000 se d\u00e9veloppent de nombreux vignobles, notamment en Wallonie. <strong>Ce sont les succ\u00e8s de ces nouveaux vins, souvent effervescents, qui ont donn\u00e9 aux Wallons, l\u2019envie de reprendre la viticulture<\/strong>.<\/p>\n\n\n\n<p><strong>Conjoncture d\u2019un contexte et d\u2019une passion, la Corneille Aveugle est n\u00e9e<\/strong>.<\/p>\n\n\n\n<figure class=\"wp-block-image size-large\"><img loading=\"lazy\" decoding=\"async\" width=\"1024\" height=\"682\" src=\"http:\/\/corneilleaveugle.be\/wp-content\/uploads\/2023\/08\/Corneille-2-1024x682.jpg\" alt=\"\" class=\"wp-image-59\" srcset=\"https:\/\/corneilleaveugle.be\/wp-content\/uploads\/2023\/08\/Corneille-2-1024x682.jpg 1024w, https:\/\/corneilleaveugle.be\/wp-content\/uploads\/2023\/08\/Corneille-2-300x200.jpg 300w, https:\/\/corneilleaveugle.be\/wp-content\/uploads\/2023\/08\/Corneille-2-768x512.jpg 768w, https:\/\/corneilleaveugle.be\/wp-content\/uploads\/2023\/08\/Corneille-2.jpg 1265w\" sizes=\"auto, (max-width: 767px) 89vw, (max-width: 1000px) 54vw, (max-width: 1071px) 543px, 580px\" \/><\/figure>\n\n\n\n<h2 class=\"wp-block-heading\">Pourquoi la Corneille Aveugle&nbsp;?<\/h2>\n\n\n\n<p>Parce que l\u2019ann\u00e9e de notre premi\u00e8re r\u00e9colte, nous avons <strong>recueilli une jeune corneille<\/strong> qui \u00e9tait tomb\u00e9e de son nid. Elle \u00e9tait aveugle, et nous l&rsquo;avons sauv\u00e9e. C&rsquo;est lors d&rsquo;une visite du chansonnier <strong>Yves Dulieu<\/strong> et de l&rsquo;h\u00f4telier <strong>Alexandre Blondiaux<\/strong> qu&rsquo;ils nous ont sugg\u00e9r\u00e9 le nom. <strong>La corneille Aveugle est n\u00e9e<\/strong> ! <\/p>\n\n\n\n<figure class=\"wp-block-gallery has-nested-images columns-default is-cropped wp-block-gallery-1 is-layout-flex wp-block-gallery-is-layout-flex\">\n<figure class=\"wp-block-image size-large\"><img loading=\"lazy\" decoding=\"async\" width=\"512\" height=\"800\" data-id=\"63\" src=\"http:\/\/corneilleaveugle.be\/wp-content\/uploads\/2023\/08\/Blanc.png\" alt=\"\" class=\"wp-image-63\" srcset=\"https:\/\/corneilleaveugle.be\/wp-content\/uploads\/2023\/08\/Blanc.png 512w, https:\/\/corneilleaveugle.be\/wp-content\/uploads\/2023\/08\/Blanc-192x300.png 192w\" sizes=\"auto, (max-width: 512px) 100vw, 512px\" \/><\/figure>\n\n\n\n<figure class=\"wp-block-image size-large\"><img loading=\"lazy\" decoding=\"async\" width=\"512\" height=\"800\" data-id=\"62\" src=\"http:\/\/corneilleaveugle.be\/wp-content\/uploads\/2023\/08\/Rose.png\" alt=\"\" class=\"wp-image-62\" srcset=\"https:\/\/corneilleaveugle.be\/wp-content\/uploads\/2023\/08\/Rose.png 512w, https:\/\/corneilleaveugle.be\/wp-content\/uploads\/2023\/08\/Rose-192x300.png 192w\" sizes=\"auto, (max-width: 512px) 100vw, 512px\" \/><\/figure>\n\n\n\n<figure class=\"wp-block-image size-large\"><img loading=\"lazy\" decoding=\"async\" width=\"512\" height=\"800\" data-id=\"61\" src=\"http:\/\/corneilleaveugle.be\/wp-content\/uploads\/2023\/08\/Rouge.png\" alt=\"\" class=\"wp-image-61\" srcset=\"https:\/\/corneilleaveugle.be\/wp-content\/uploads\/2023\/08\/Rouge.png 512w, https:\/\/corneilleaveugle.be\/wp-content\/uploads\/2023\/08\/Rouge-192x300.png 192w\" sizes=\"auto, (max-width: 512px) 100vw, 512px\" \/><\/figure>\n<\/figure>\n\n\n\n<h2 class=\"wp-block-heading\">La Corneille Aveugle aujourd&rsquo;hui<\/h2>\n\n\n\n<p><strong>1000 pieds<\/strong>, plus de <strong>2000 litres de cuverie<\/strong>, un chai et une boutique en construction, un fondateur et une <strong>passion intacte<\/strong>, un<strong> talentueux \u00ab\u00a0Ma\u00eetre de chai\u00a0\u00bb<\/strong>, <strong>Jean-Fran\u00e7ois L\u00e9nelle<\/strong> et une team de choc : <strong>Basile<\/strong>, <strong>Maxime<\/strong>, <strong>Pierre<\/strong>, <strong>Thibaut<\/strong> et <strong>William<\/strong> <strong>Dechamps<\/strong>.<\/p>\n\n\n\n<figure class=\"wp-block-image size-large\"><img loading=\"lazy\" decoding=\"async\" width=\"1024\" height=\"682\" src=\"http:\/\/corneilleaveugle.be\/wp-content\/uploads\/2023\/08\/Tarriere-1024x682.jpg\" alt=\"\" class=\"wp-image-65\" srcset=\"https:\/\/corneilleaveugle.be\/wp-content\/uploads\/2023\/08\/Tarriere-1024x682.jpg 1024w, https:\/\/corneilleaveugle.be\/wp-content\/uploads\/2023\/08\/Tarriere-300x200.jpg 300w, https:\/\/corneilleaveugle.be\/wp-content\/uploads\/2023\/08\/Tarriere-768x512.jpg 768w, https:\/\/corneilleaveugle.be\/wp-content\/uploads\/2023\/08\/Tarriere.jpg 1265w\" sizes=\"auto, (max-width: 767px) 89vw, (max-width: 1000px) 54vw, (max-width: 1071px) 543px, 580px\" \/><\/figure>\n\n\n\n<h2 class=\"wp-block-heading\">D&rsquo;ou vient ce logo ?<\/h2>\n\n\n\n<p>Il s&rsquo;agit d&rsquo;une cr\u00e9ation originale, r\u00e9alis\u00e9e \u00e0 notre demande, par le talentueux Max Guisset de  <a href=\"https:\/\/www.facebook.com\/Limprimeriestudio\/\">L&rsquo;IMPRIMERIE &#8211; Tattoo &amp; Creative Studio<\/a>.<\/p>\n\n\n\n<figure class=\"wp-block-image size-large\"><img loading=\"lazy\" decoding=\"async\" width=\"951\" height=\"1024\" src=\"https:\/\/corneilleaveugle.be\/wp-content\/uploads\/2023\/08\/Logodetoure-1-951x1024.png\" alt=\"\" class=\"wp-image-114\" srcset=\"https:\/\/corneilleaveugle.be\/wp-content\/uploads\/2023\/08\/Logodetoure-1-951x1024.png 951w, https:\/\/corneilleaveugle.be\/wp-content\/uploads\/2023\/08\/Logodetoure-1-279x300.png 279w, https:\/\/corneilleaveugle.be\/wp-content\/uploads\/2023\/08\/Logodetoure-1-768x827.png 768w, https:\/\/corneilleaveugle.be\/wp-content\/uploads\/2023\/08\/Logodetoure-1-1427x1536.png 1427w, https:\/\/corneilleaveugle.be\/wp-content\/uploads\/2023\/08\/Logodetoure-1-1902x2048.png 1902w\" sizes=\"auto, (max-width: 767px) 89vw, (max-width: 1000px) 54vw, (max-width: 1071px) 543px, 580px\" \/><\/figure>\n","protected":false},"excerpt":{"rendered":"<p>En 2010, Michel Dechamps, neurop\u00e9diatre \u00e0 Namur, envisage de faire autre chose que d\u2019\u00e9lever des moutons \u00e0 l\u2019arri\u00e8re de sa propri\u00e9t\u00e9 de la place Wauters, \u00e0 Seilles, dans la ville d\u2019Andenne. Outre sa carri\u00e8re de m\u00e9decin, il occupe la fonction de Pr\u00e9sident du Centre Public d&rsquo;Action Sociale \u00e0 Andenne, mais ces d\u2019activit\u00e9s parall\u00e8les ne vont &hellip; <\/p>\n<p class=\"link-more\"><a href=\"https:\/\/corneilleaveugle.be\/?page_id=15\" class=\"more-link\">Continuer la lecture<span class=\"screen-reader-text\"> de &laquo;&nbsp;Qui sommes nous ?&nbsp;&raquo;<\/span><\/a><\/p>\n","protected":false},"author":1,"featured_media":38,"parent":0,"menu_order":0,"comment_status":"closed","ping_status":"closed","template":"","meta":{"footnotes":""},"class_list":["post-15","page","type-page","status-publish","has-post-thumbnail","hentry"],"_links":{"self":[{"href":"https:\/\/corneilleaveugle.be\/index.php?rest_route=\/wp\/v2\/pages\/15","targetHints":{"allow":["GET"]}}],"collection":[{"href":"https:\/\/corneilleaveugle.be\/index.php?rest_route=\/wp\/v2\/pages"}],"about":[{"href":"https:\/\/corneilleaveugle.be\/index.php?rest_route=\/wp\/v2\/types\/page"}],"author":[{"embeddable":true,"href":"https:\/\/corneilleaveugle.be\/index.php?rest_route=\/wp\/v2\/users\/1"}],"replies":[{"embeddable":true,"href":"https:\/\/corneilleaveugle.be\/index.php?rest_route=%2Fwp%2Fv2%2Fcomments&post=15"}],"version-history":[{"count":10,"href":"https:\/\/corneilleaveugle.be\/index.php?rest_route=\/wp\/v2\/pages\/15\/revisions"}],"predecessor-version":[{"id":115,"href":"https:\/\/corneilleaveugle.be\/index.php?rest_route=\/wp\/v2\/pages\/15\/revisions\/115"}],"wp:featuredmedia":[{"embeddable":true,"href":"https:\/\/corneilleaveugle.be\/index.php?rest_route=\/wp\/v2\/media\/38"}],"wp:attachment":[{"href":"https:\/\/corneilleaveugle.be\/index.php?rest_route=%2Fwp%2Fv2%2Fmedia&parent=15"}],"curies":[{"name":"wp","href":"https:\/\/api.w.org\/{rel}","templated":true}]}}