{"id":3,"date":"2023-08-10T07:33:11","date_gmt":"2023-08-10T05:33:11","guid":{"rendered":"http:\/\/corneilleaveugle.be\/?page_id=3"},"modified":"2023-08-13T23:27:14","modified_gmt":"2023-08-13T21:27:14","slug":"politique-de-confidentialite","status":"publish","type":"page","link":"https:\/\/corneilleaveugle.be\/?page_id=3","title":{"rendered":"Politique de confidentialit\u00e9"},"content":{"rendered":"\n<h1 class=\"wp-block-heading\"><a>1.&nbsp;&nbsp; Objectif et champ d\u2019application de la Politique<\/a><\/h1>\n\n\n\n<p>&nbsp;CORNEILLE AVEUGLE accorde la plus grande importance et le plus grand soin \u00e0 la protection de la vie priv\u00e9e et des Donn\u00e9es \u00e0 caract\u00e8re personnel, ainsi qu\u2019au respect des dispositions de la L\u00e9gislation applicable.<\/p>\n\n\n\n<p>Le R\u00e8glement (UE) 2016\/679 du 27 avril 2016 relatif \u00e0 la protection des personnes physiques \u00e0 l&rsquo;\u00e9gard du Traitement des Donn\u00e9es \u00e0 caract\u00e8re personnel et \u00e0 la libre circulation de ces Donn\u00e9es (ci-apr\u00e8s \u00ab RGPD \u00bb) affirme que les Donn\u00e9es \u00e0 caract\u00e8re personnel doivent \u00eatre trait\u00e9es de fa\u00e7on licite, loyale, et transparente. Ainsi, cette politique de confidentialit\u00e9 (ci-apr\u00e8s la \u00ab&nbsp;Politique&nbsp;\u00bb) a pour objectif de vous fournir une information simple, claire sur les Traitements de Donn\u00e9es \u00e0 caract\u00e8re personnel vous concernant, dans le cadre de votre navigation et des op\u00e9rations r\u00e9alis\u00e9es sur notre site Internet.<\/p>\n\n\n\n<h1 class=\"wp-block-heading\"><a>2.&nbsp;&nbsp; Responsable de <\/a>Traitement<\/h1>\n\n\n\n<p>Dans le cadre de votre activit\u00e9 sur le site corneilleaveugle.be, nous collectons et utilisons, des Donn\u00e9es \u00e0 caract\u00e8re personnel en lien avec vous, personnes physiques (ci-apr\u00e8s \u00ab Personne concern\u00e9e \u00bb).<\/p>\n\n\n\n<p>Pour l\u2019ensemble des Traitements, &nbsp;CORNEILLE AVEUGLE d\u00e9termine les moyens et les finalit\u00e9s du Traitement. Ainsi, nous agissons en tant que Responsable de Traitement, au sens de la R\u00e9glementation relative aux Donn\u00e9es \u00e0 caract\u00e8re personnel, et notamment du R\u00e8glement (UE) 2016\/679 relatif \u00e0 la protection des personnes physiques \u00e0 l\u2019\u00e9gard du Traitement des Donn\u00e9es \u00e0 caract\u00e8re personnel et \u00e0 la libre circulation de ces Donn\u00e9es.<\/p>\n\n\n\n<h1 class=\"wp-block-heading\"><a>3.&nbsp;&nbsp; Quelles Donn\u00e9es \u00e0 caract\u00e8re personnel collectons-nous et comment&nbsp;?<\/a><\/h1>\n\n\n\n<p>En utilisant notre site internet, [ou en souscrivant \u00e0 nos services\/\u00e0 notre association] vous nous transmettez un certain nombre d\u2019informations \u00e0 votre sujet dont certaines sont de nature \u00e0 vous identifier (\u00ab&nbsp;Donn\u00e9es \u00e0 caract\u00e8re personnel&nbsp;\u00bb). C\u2019est le cas lorsque vous naviguez sur notre site, [lorsque vous remplissez des formulaires en ligne, ou tout simplement lorsque vous devenez adh\u00e9rent].<\/p>\n\n\n\n<p>La nature et la qualit\u00e9 des Donn\u00e9es \u00e0 caract\u00e8re personnel collect\u00e9es \u00e0 votre sujet varient selon les <a>relations que vous entreprenez avec \u00a0CORNEILLE AVEUGLE dont les principales sont\u00a0<\/a>:<\/p>\n\n\n\n<ul class=\"wp-block-list\">\n<li><strong>Donn\u00e9es d\u2019identification<\/strong>&nbsp;: cela comprend toutes les informations qui nous permettraient de vous identifier, telles que votre nom, pr\u00e9nom, num\u00e9ro de t\u00e9l\u00e9phone. Nous sommes \u00e9galement amen\u00e9s \u00e0 collecter votre adresse mail, ainsi que votre adresse postale (en cas de paiement, l\u2019adresse postale sera n\u00e9cessaire pour g\u00e9n\u00e9rer une facture).<\/li>\n<\/ul>\n\n\n\n<p>En cas d\u2019abonnement, un justificatif d\u2019identit\u00e9 peut \u00e9galement vous \u00eatre demand\u00e9.<\/p>\n\n\n\n<ul class=\"wp-block-list\">\n<li><strong>Donn\u00e9es de connexion<\/strong>&nbsp;: ce sont toutes les informations dont nous avons besoin pour acc\u00e9der \u00e0 votre compte personnel, comme le mot de passe, et autres informations n\u00e9cessaires \u00e0 l\u2019authentification et \u00e0 l\u2019acc\u00e8s \u00e0 un compte.<\/li>\n<\/ul>\n\n\n\n<p>Nous collectons \u00e9galement votre adresse IP \u00e0 des fins de maintenance et de statistiques.<\/p>\n\n\n\n<ul class=\"wp-block-list\">\n<li><strong>Documents de natures diff\u00e9rentes<\/strong>&nbsp;(PDF, format Office, Image) avec des titres, des contenus, des noms de dossier, ou des informations li\u00e9es \u00e0 un document, telles que des commentaires \u00e9crits dans les documents, des dates d\u2019alertes et de rappel.<\/li>\n\n\n\n<li><strong>Informations relatives \u00e0 votre navigation<\/strong>&nbsp;: en navigant sur notre site web, vous interagissez avec lui. Par cons\u00e9quent, certaines informations relatives \u00e0 votre navigation sont collect\u00e9es.<\/li>\n<\/ul>\n\n\n\n<ul class=\"wp-block-list\">\n<li><strong>Donn\u00e9es recueillies aupr\u00e8s des Tiers&nbsp;<\/strong>: les Donn\u00e9es \u00e0 caract\u00e8re personnel que vous avez accept\u00e9 de partager avec nous ou sur les r\u00e9seaux sociaux accessibles au public et\/ou que nous pourrions collecter \u00e0 partir d\u2019autres bases des Donn\u00e9es accessibles au public.<\/li>\n<\/ul>\n\n\n\n<h1 class=\"wp-block-heading\"><a>4.\u00a0\u00a0 Pourquoi collectons-nous vos Donn\u00e9es \u00e0 caract\u00e8re personnel et comment\u00a0? <\/a><\/h1>\n\n\n\n<p>Nous collectons vos Donn\u00e9es \u00e0 caract\u00e8re personnel pour des finalit\u00e9s d\u00e9termin\u00e9es et sur diff\u00e9rents fondements juridiques.<\/p>\n\n\n\n<p>Dans le cadre de l\u2019ex\u00e9cution du contrat ou des mesures pr\u00e9contractuelles, vos Donn\u00e9es sont trait\u00e9es pour les finalit\u00e9s suivantes&nbsp;:<\/p>\n\n\n\n<ul class=\"wp-block-list\">\n<li>Gestion des commandes, comptes&nbsp;<\/li>\n\n\n\n<li>Gestion des bases de donn\u00e9es&nbsp;<\/li>\n\n\n\n<li>Gestion du site internet&nbsp;<\/li>\n\n\n\n<li>Activit\u00e9s de Corneille Aveugle<\/li>\n<\/ul>\n\n\n\n<p>Sur la base de votre consentement, vos Donn\u00e9es sont trait\u00e9es pour les finalit\u00e9s suivantes&nbsp;:<\/p>\n\n\n\n<ul class=\"wp-block-list\">\n<li>Gestion de la newsletter<\/li>\n\n\n\n<li>Gestion des cookies n\u00e9cessitant votre consentement<\/li>\n\n\n\n<li>Gestion des bases de donn\u00e9es de d\u00e9cors et de comp\u00e9tences<\/li>\n\n\n\n<li>Gestion des comptes d\u2019utilisateurs<\/li>\n\n\n\n<li>Communication a un partenaire tiers \u00e0 l\u2019excusion de toute utilisation commerciale<\/li>\n<\/ul>\n\n\n\n<p>Dans le cadre de l\u2019int\u00e9r\u00eat l\u00e9gitime de CORNEILLE AVEUGLE, vos Donn\u00e9es sont trait\u00e9es pour les finalit\u00e9s suivantes&nbsp;:<\/p>\n\n\n\n<ul class=\"wp-block-list\">\n<li>Etablissement de statistiques d\u2019am\u00e9lioration des produits et service&nbsp;;<\/li>\n\n\n\n<li>R\u00e9alisation d\u2019enqu\u00eates de satisfaction et sondages&nbsp;;<\/li>\n\n\n\n<li>Gestion du pr\u00e9contentieux et du contentieux&nbsp;;<\/li>\n<\/ul>\n\n\n\n<p>Dans le cadre des obligations l\u00e9gales et r\u00e8glementaires auxquelles &nbsp;CORNEILLE AVEUGLE est soumis, vos Donn\u00e9es sont trait\u00e9es pour les finalit\u00e9s suivantes&nbsp;:<\/p>\n\n\n\n<ul class=\"wp-block-list\">\n<li>Lutte contre la Fraude&nbsp;;<\/li>\n\n\n\n<li>Lutte contre le blanchiment des capitaux et le financement du Terrorisme&nbsp;;<\/li>\n\n\n\n<li>Tenue de la comptabilit\u00e9 g\u00e9n\u00e9rale et auxiliaire&nbsp;;<\/li>\n<\/ul>\n\n\n\n<h1 class=\"wp-block-heading\"><a>5.\u00a0\u00a0 Partageons-nous vos Donn\u00e9es \u00e0 caract\u00e8re personnel\u00a0? <\/a><\/h1>\n\n\n\n<p>Vos Donn\u00e9es sont destin\u00e9es aux collaborateurs de CORNEILLE AVEUGLE habilit\u00e9s en charge de la gestion et l\u2019ex\u00e9cution des contrats et des obligations l\u00e9gales, en fonction des finalit\u00e9s de la collecte et dans la limite de leurs attributions respectives.&nbsp;<\/p>\n\n\n\n<p>Elles sont \u00e9ventuellement transmises pour certaines t\u00e2ches li\u00e9es aux finalit\u00e9s, et dans la limite de leurs missions et habilitations respectives, aux destinataires suivants :<\/p>\n\n\n\n<ul class=\"wp-block-list\">\n<li>Entit\u00e9s de CORNEILLE AVEUGLE dans le cadre d\u2019une externalisation d\u2019activit\u00e9 \u00e0 une autre entit\u00e9 du groupe&nbsp;<\/li>\n\n\n\n<li>Prestataires et sous-traitants auxquels nous faisons appel pour r\u00e9aliser un ensemble d\u2019op\u00e9rations et t\u00e2ches, en notre nom. La liste est disponible sur simple demande.<\/li>\n\n\n\n<li>Autorit\u00e9s publiques d\u00fbment habilit\u00e9es (judiciaires, de contr\u00f4le\u2026), dans le cadre de nos obligations l\u00e9gales et r\u00e8glementaires, telles que notre tutelle aupr\u00e8s de la Wallonie.<\/li>\n\n\n\n<li>Professionnels du secteur audiovisuel dans le cadre des missions de Wallimage, comme, a titre non exclusif, les coordonn\u00e9es de techniciens ou de propri\u00e9taires d\u2019un bien<\/li>\n\n\n\n<li>Les journaliste ou tout tiers l\u00e9gitimement int\u00e9ress\u00e9 par les activit\u00e9s de la personne concern\u00e9e.<\/li>\n<\/ul>\n\n\n\n<p>Lorsque vos Donn\u00e9es sont communiqu\u00e9es \u00e0 nos prestataires et sous-traitants, il leur est \u00e9galement demand\u00e9 de ne pas utiliser les Donn\u00e9es pour des finalit\u00e9s autres que celles initialement pr\u00e9vues. Nous mettons tout en \u0153uvre pour nous assurer que ces Tiers pr\u00e9servent la confidentialit\u00e9 et la s\u00e9curit\u00e9 de vos Donn\u00e9es.<\/p>\n\n\n\n<p>Dans tout le cas, seules les Donn\u00e9es n\u00e9cessaires sont fournies. Nous mettons tout en \u0153uvre pour garantir une communication ou transmission s\u00e9curis\u00e9e de vos Donn\u00e9es.<\/p>\n\n\n\n<p>Nous ne vendons pas vos Donn\u00e9es.<\/p>\n\n\n\n<h1 class=\"wp-block-heading\"><a>6.&nbsp;&nbsp; Vos Donn\u00e9es \u00e0 caract\u00e8re personnel sont-elles transf\u00e9r\u00e9es vers des pays Tiers&nbsp;?<\/a><\/h1>\n\n\n\n<p>CORNEILLE AVEUGLE s\u2019efforce de conserver les Donn\u00e9es \u00e0 caract\u00e8re personnel en France, ou du moins au sein de l\u2019Espace \u00c9conomique Europ\u00e9en (EEE).<\/p>\n\n\n\n<p>Toutefois, il est possible que les Donn\u00e9es que nous recueillons lorsque vous utilisez notre plateforme ou dans le cadre de nos services soient transf\u00e9r\u00e9es dans d\u2019autres pays. C\u2019est par exemple le cas si certains de nos prestataires sont situ\u00e9s en dehors de l\u2019Espace Economique Europ\u00e9en.<\/p>\n\n\n\n<p>En cas de Transfert de ce type, nous garantissons que celui-ci soit effectu\u00e9&nbsp;:<\/p>\n\n\n\n<ul class=\"wp-block-list\">\n<li>Vers un pays assurant un niveau de protection ad\u00e9quat, c\u2019est-\u00e0-dire un niveau de protection \u00e9quivalent \u00e0 ce que les R\u00e9glementations europ\u00e9ennes exigent<\/li>\n<\/ul>\n\n\n\n<ul class=\"wp-block-list\">\n<li>Dans le cadre de clauses contractuelles types<\/li>\n<\/ul>\n\n\n\n<ul class=\"wp-block-list\">\n<li>Dans le cadre de r\u00e8gles internes d\u2019entreprise<\/li>\n<\/ul>\n\n\n\n<h1 class=\"wp-block-heading\"><a>7.&nbsp;&nbsp; Combien de temps conservons-nous vos Donn\u00e9es \u00e0 caract\u00e8re personnel&nbsp;?<\/a><\/h1>\n\n\n\n<p>Nous conservons vos Donn\u00e9es \u00e0 caract\u00e8re personnel uniquement le temps n\u00e9cessaire \u00e0 la r\u00e9alisation de la finalit\u00e9 pour laquelle nous d\u00e9tenons ces Donn\u00e9es, et ce, afin de r\u00e9pondre \u00e0 vos besoins ou pour remplir nos obligations l\u00e9gales.<\/p>\n\n\n\n<p>Les dur\u00e9es de conservation varient en fonction de plusieurs facteurs, tels que&nbsp;:<\/p>\n\n\n\n<ul class=\"wp-block-list\">\n<li>Les besoins des activit\u00e9s de CORNEILLE AVEUGLE<\/li>\n\n\n\n<li>Les exigences contractuelles<\/li>\n\n\n\n<li>Les obligations l\u00e9gales<\/li>\n\n\n\n<li>Les recommandations des autorit\u00e9s de contr\u00f4le<\/li>\n<\/ul>\n\n\n\n<h1 class=\"wp-block-heading\"><a>8.&nbsp;&nbsp; Comment garantissons-nous la s\u00e9curit\u00e9 de vos Donn\u00e9es \u00e0 caract\u00e8re personnel&nbsp;?<\/a><\/h1>\n\n\n\n<p>CORNEILLE AVEUGLE s\u2019engage \u00e0 prot\u00e9ger les Donn\u00e9es \u00e0 caract\u00e8re personnel que nous collectons, ou ce que nous traitons, contre une perte, une destruction, alt\u00e9ration, acc\u00e8s ou divulgation non autoris\u00e9e.<\/p>\n\n\n\n<p>Ainsi, nous mettons en \u0153uvre toutes les mesures techniques et organisationnelles appropri\u00e9es, selon la nature des Donn\u00e9es et des risques que leur Traitement comporte. Ces mesures doivent permettre de pr\u00e9server la s\u00e9curit\u00e9 et la confidentialit\u00e9 de vos Donn\u00e9es \u00e0 caract\u00e8re personnel. Elles peuvent comprendre des pratiques telles que des acc\u00e8s limit\u00e9s aux Donn\u00e9es \u00e0 caract\u00e8re personnel par des personnes habilit\u00e9es, en raison de leurs fonctions, une pseudonymisation ou encore un chiffrement.<\/p>\n\n\n\n<p>De plus, nos pratiques et nos politiques et\/ou des mesures de s\u00e9curit\u00e9 physiques et\/ou logiques (acc\u00e8s s\u00e9curis\u00e9, proc\u00e9d\u00e9 d\u2019authentification, copie de sauvegarde, logiciel, etc) sont r\u00e9guli\u00e8rement v\u00e9rifi\u00e9es et mises \u00e0 jour si n\u00e9cessaire.<\/p>\n\n\n\n<h1 class=\"wp-block-heading\"><a>9.&nbsp;&nbsp; Quels sont vos droits&nbsp;?<\/a><\/h1>\n\n\n\n<p>Le RGPD met \u00e0 la disposition des Personnes concern\u00e9es des droits qu\u2019elles peuvent exercer. Ainsi sont pr\u00e9vus&nbsp;:<\/p>\n\n\n\n<ol class=\"wp-block-list\" type=\"1\" start=\"1\">\n<li><strong>Droit \u00e0 l\u2019information<\/strong>&nbsp;: le droit d\u2019avoir une information claire, pr\u00e9cise et compl\u00e8te sur l\u2019utilisation des Donn\u00e9es \u00e0 caract\u00e8re personnel par CORNEILLE AVEUGLE.<\/li>\n<\/ol>\n\n\n\n<ul class=\"wp-block-list\">\n<li><strong>Droit d\u2019acc\u00e8s<\/strong> : le droit d\u2019obtenir une copie des Donn\u00e9es \u00e0 caract\u00e8re personnel que le Responsable de Traitement d\u00e9tient sur le demandeur.<\/li>\n<\/ul>\n\n\n\n<ul class=\"wp-block-list\">\n<li><strong>Droit de rectification<\/strong> : le droit de faire rectifier les Donn\u00e9es \u00e0 caract\u00e8re personnel si elles sont inexactes ou obsol\u00e8tes et\/ou de les compl\u00e9ter si elles sont incompl\u00e8tes.<\/li>\n<\/ul>\n\n\n\n<ul class=\"wp-block-list\">\n<li><strong>Droit \u00e0 l\u2019effacement \/ droit \u00e0 l\u2019oubli<\/strong> : le droit, dans certaines conditions, de faire effacer ou supprimer les Donn\u00e9es, \u00e0 moins que CORNEILLE AVEUGLE ait un int\u00e9r\u00eat l\u00e9gitime \u00e0 les conserver.<\/li>\n<\/ul>\n\n\n\n<ul class=\"wp-block-list\">\n<li><strong>Droit d\u2019opposition<\/strong>&nbsp;: le droit de s\u2019opposer au Traitement des Donn\u00e9es \u00e0 caract\u00e8re personnel par CORNEILLE AVEUGLE pour des raisons tenant \u00e0 la situation particuli\u00e8re du demandeur (sous conditions).<\/li>\n<\/ul>\n\n\n\n<ul class=\"wp-block-list\">\n<li><strong>Droit de retirer son Consentement <\/strong>: le droit \u00e0 tout moment de retirer le Consentement lorsque le Traitement est fond\u00e9 sur le Consentement.<\/li>\n<\/ul>\n\n\n\n<ul class=\"wp-block-list\">\n<li><strong>Droit \u00e0 la limitation du Traitement<\/strong>&nbsp;: le droit, dans certaines conditions, de demander que le Traitement des Donn\u00e9es \u00e0 caract\u00e8re personnel soit momentan\u00e9ment suspendu. &nbsp;<\/li>\n<\/ul>\n\n\n\n<ol class=\"wp-block-list\" type=\"1\" start=\"8\">\n<li><strong>Droit \u00e0 la portabilit\u00e9 des Donn\u00e9es <\/strong>: le droit de demander que les Donn\u00e9es \u00e0 caract\u00e8re personnel soient transmises dans un format r\u00e9exploitable permettant de les utiliser dans une autre base de Donn\u00e9es.<\/li>\n<\/ol>\n\n\n\n<ul class=\"wp-block-list\">\n<li><strong>Droit de ne pas faire l\u2019objet d\u2019une d\u00e9cision automatis\u00e9e&nbsp;<\/strong>: le droit pour le demandeur de refuser la prise de d\u00e9cision enti\u00e8rement autoris\u00e9e et\/ou d\u2019exercer les garanties suppl\u00e9mentaires offertes en la mati\u00e8re.<\/li>\n<\/ul>\n\n\n\n<ol class=\"wp-block-list\" type=\"1\">\n<li><strong>Droit de d\u00e9finir des directives post-mortem<\/strong>&nbsp;: le droit pour le demandeur de d\u00e9finir des directives relatives au sort des Donn\u00e9es \u00e0 caract\u00e8re personnel apr\u00e8s sa mort.<\/li>\n<\/ol>\n\n\n\n<p>Des droits additionnels peuvent \u00eatre octroy\u00e9s par la R\u00e9glementation locale aux Personnes concern\u00e9es.<\/p>\n\n\n\n<p>A cette fin, CORNEILLE AVEUGLE a mis en \u0153uvre une <strong>proc\u00e9dure de gestion des droits<\/strong> des Personnes conformes aux exigences de la L\u00e9gislation applicable. Cette proc\u00e9dure \u00e9tablit :<\/p>\n\n\n\n<ul class=\"wp-block-list\">\n<li>Les standards \u00e0 respecter pour assurer l\u2019information transparente des Personnes&nbsp;concern\u00e9es<\/li>\n\n\n\n<li>Les exigences l\u00e9gales qui doivent \u00eatre respect\u00e9es<\/li>\n\n\n\n<li>Les moyens autoris\u00e9s pour pr\u00e9senter une demande pour chaque droit, selon la cat\u00e9gorie de Personnes concern\u00e9es<\/li>\n\n\n\n<li>Les processus op\u00e9rationnels pour traiter ces demandes conform\u00e9ment aux exigences susmentionn\u00e9es<\/li>\n\n\n\n<li>Les parties impliqu\u00e9es dans ces processus, leurs r\u00f4les et responsabilit\u00e9s<\/li>\n<\/ul>\n\n\n\n<p>Pour exercer vos droits, vous pouvez contacter le D\u00e9l\u00e9gu\u00e9 \u00e0 la protection des Donn\u00e9es (DPO)&nbsp;: dpo@wallimage.be<\/p>\n\n\n\n<p>Lorsque vous nous transmettez une demande d\u2019exercice de Droit, il vous est demand\u00e9 de pr\u00e9ciser autant que possible le p\u00e9rim\u00e8tre de la demande, le type de droit exerc\u00e9, le Traitement de Donn\u00e9es \u00e0 caract\u00e8re personnel concern\u00e9, et tout autre \u00e9l\u00e9ment utile, afin de faciliter l\u2019examen de votre demande. En outre, en cas de doute raisonnable, il peut vous \u00eatre demand\u00e9 de justifier de votre identit\u00e9.<\/p>\n\n\n\n<p>Vous disposez \u00e9galement du droit de saisir l\u2019<a href=\"https:\/\/www.autoriteprotectiondonnees.be\/\">Autorit\u00e9 pour la Protection des Donn\u00e9es<\/a>, de toute r\u00e9clamation se rapportant \u00e0 la mani\u00e8re dont CORNEILLE AVEUGLE collecte et traite vos donn\u00e9es.<\/p>\n\n\n\n<h1 class=\"wp-block-heading\">10. <a>Mise \u00e0 jour de la pr\u00e9sente Politique<\/a><\/h1>\n\n\n\n<p>La pr\u00e9sente Politique peut r\u00e9guli\u00e8rement \u00eatre mise \u00e0 jour afin de tenir compte des \u00e9volutions de la R\u00e9glementation relative aux Donn\u00e9es \u00e0 caract\u00e8re personnel.<\/p>\n\n\n\n<p>Date de derni\u00e8re mise \u00e0 jour 14\/072023.<\/p>\n","protected":false},"excerpt":{"rendered":"<p>1.&nbsp;&nbsp; Objectif et champ d\u2019application de la Politique &nbsp;CORNEILLE AVEUGLE accorde la plus grande importance et le plus grand soin \u00e0 la protection de la vie priv\u00e9e et des Donn\u00e9es \u00e0 caract\u00e8re personnel, ainsi qu\u2019au respect des dispositions de la L\u00e9gislation applicable. Le R\u00e8glement (UE) 2016\/679 du 27 avril 2016 relatif \u00e0 la protection des &hellip; <\/p>\n<p class=\"link-more\"><a href=\"https:\/\/corneilleaveugle.be\/?page_id=3\" class=\"more-link\">Continuer la lecture<span class=\"screen-reader-text\"> de &laquo;&nbsp;Politique de confidentialit\u00e9&nbsp;&raquo;<\/span><\/a><\/p>\n","protected":false},"author":1,"featured_media":0,"parent":0,"menu_order":0,"comment_status":"closed","ping_status":"open","template":"","meta":{"footnotes":""},"class_list":["post-3","page","type-page","status-publish","hentry"],"_links":{"self":[{"href":"https:\/\/corneilleaveugle.be\/index.php?rest_route=\/wp\/v2\/pages\/3","targetHints":{"allow":["GET"]}}],"collection":[{"href":"https:\/\/corneilleaveugle.be\/index.php?rest_route=\/wp\/v2\/pages"}],"about":[{"href":"https:\/\/corneilleaveugle.be\/index.php?rest_route=\/wp\/v2\/types\/page"}],"author":[{"embeddable":true,"href":"https:\/\/corneilleaveugle.be\/index.php?rest_route=\/wp\/v2\/users\/1"}],"replies":[{"embeddable":true,"href":"https:\/\/corneilleaveugle.be\/index.php?rest_route=%2Fwp%2Fv2%2Fcomments&post=3"}],"version-history":[{"count":3,"href":"https:\/\/corneilleaveugle.be\/index.php?rest_route=\/wp\/v2\/pages\/3\/revisions"}],"predecessor-version":[{"id":112,"href":"https:\/\/corneilleaveugle.be\/index.php?rest_route=\/wp\/v2\/pages\/3\/revisions\/112"}],"wp:attachment":[{"href":"https:\/\/corneilleaveugle.be\/index.php?rest_route=%2Fwp%2Fv2%2Fmedia&parent=3"}],"curies":[{"name":"wp","href":"https:\/\/api.w.org\/{rel}","templated":true}]}}